{"id":71,"date":"2020-01-22T03:30:14","date_gmt":"2020-01-22T03:30:14","guid":{"rendered":"http:\/\/localhost:8888\/lackner-wp\/?page_id=71"},"modified":"2025-02-27T09:31:53","modified_gmt":"2025-02-27T09:31:53","slug":"datenschutz","status":"publish","type":"page","link":"https:\/\/www.anwalt-scheidung.co.at\/en\/datenschutz\/","title":{"rendered":"Imprint &#038; Privacy Law"},"content":{"rendered":"<h2>Impressum<\/h2>\n<p>Offenlegung nach \u00a7 14 UGB, \u00a7 5 ECG und \u00a7 25 MedienG<\/p>\n<p><strong>Lackner Bauer Rechtsanw\u00e4lte OG<\/strong><br \/>\nAnschrift: Schwindgasse 3\/17, 1040 Wien<br \/>\nTelefon: +43 (0) 69917002131<br \/>\nE-Mail: <a href=\"mailto:kanzlei@Ib-anwaelte.at\" target=\"_blank\" rel=\"noopener\">kanzlei@Ib-anwaelte.at<\/a><\/p>\n<p>Unbeschr\u00e4nkt haftende Gesellschafter der Lackner Bauer Rechtsanw\u00e4lte OG:<br \/>\nRechtsanwalt Mag. Christian Lackner und Rechtsanwalt Mag. Daniel Bauer, LL.M.<\/p>\n<p>Gegenstand des Unternehmens:<br \/>\nAus\u00fcbung der Rechtsanwaltschaft einschlie\u00dflich aller erforderlichen Hilfst\u00e4tigkeiten<\/p>\n<p>Firmenbuch: FN 633311s des Handelsgerichts Wien<br \/>\nAufsichtsbeh\u00f6rde\/Kammer: Rechtsanwaltskammer Wien, 1010 Wien, Rotenturmstra\u00dfe 13<\/p>\n<p>Berufsrechtliche Vorschriften:<br \/>\nRechtsanwaltsordnung (RAO RL-BA und EuRAG) abrufbar unter <a href=\"http:\/\/www.oerak.at\" target=\"_blank\" rel=\"noopener\">www.oerak.at<\/a><\/p>\n<p>USt-Identifikationsnummer: ATU 80944169<\/p>\n<h2>Datenschutzerkl\u00e4rung<\/h2>\n<p><b>1. Personenbezogene Daten<\/b><\/p>\n<p>Wir, Lackner Bauer Rechtsanw\u00e4lte OG, Rechtsanwaltskanzlei, erheben, verarbeiten und nutzen Ihre personenbezogenen Daten nur mit Ihrer Einwilligung bzw. Mandatierung oder Bestellung zu den mit Ihnen vereinbarten Zwecken oder wenn eine sonstige rechtliche Grundlage im Einklang mit der DSGVO vorliegt; dies unter Einhaltung der datenschutz- und zivilrechtlichen Bestimmungen.<\/p>\n<p>Es werden nur solche personenbezogenen Daten erhoben, die f\u00fcr die Durchf\u00fchrung und Abwicklung unserer rechtsanwaltlichen Leistungen erforderlich sind oder die Sie uns freiwillig zur Verf\u00fcgung gestellt haben.<\/p>\n<p>Personenbezogene Daten sind alle Daten, die Einzelangaben \u00fcber pers\u00f6nliche oder sachliche Verh\u00e4ltnisse enthalten, beispielsweise Name, Anschrift, Emailadresse, Telefonnummer, Geburtsdatum, Alter, Geschlecht, Sozialversicherungsnummer, Videoaufzeichnungen, Fotos, Stimmaufnahmen von Personen sowie biometrische Daten wie etwa Fingerabdr\u00fccke. Auch sensible Daten, wie Gesundheitsdaten oder Daten im Zusammenhang mit einem Strafverfahren k\u00f6nnen mitumfasst sein.<\/p>\n<p><b>2. Auskunft und L\u00f6schung<\/b><\/p>\n<p>Als Mandantin oder Mandant bzw generell als Betroffener haben Sie \u2013 unter Wahrung der rechtsanwaltlichen Verschwiegenheitspflicht \u2013 jederzeit das Recht auf Auskunft \u00fcber Ihre gespeicherten personenbezogenen Daten, deren Herkunft und Empf\u00e4nger und den Zweck der Datenverarbeitung sowie ein Recht auf Berichtigung, Daten\u00fcbertragung, Widerspruch, Einschr\u00e4nkung der Bearbeitung sowie Sperrung oder L\u00f6schung unrichtiger bzw. unzul\u00e4ssig verarbeiteter Daten.<\/p>\n<p>Insoweit sich \u00c4nderungen Ihrer pers\u00f6nlichen Daten ergeben, ersuchen wir um entsprechende Mitteilung.<\/p>\n<p>Sie haben jederzeit das Recht, eine erteilte Einwilligung zur Nutzung Ihrer personenbezogenen Daten zu widerrufen. Ihre Eingabe auf Auskunft, L\u00f6schung, Berichtigung, Widerspruch und\/oder Daten\u00fcbertragung, im letztgenannten Fall, sofern damit nicht ein unverh\u00e4ltnism\u00e4\u00dfiger Aufwand verursacht wird, kann an die in Punkt 10. dieser Erkl\u00e4rung angef\u00fchrte Anschrift der Rechtsanwaltskanzlei gerichtet werden.<\/p>\n<p>Wenn Sie der Auffassung sind, dass die Verarbeitung Ihrer personenbezogenen Daten durch uns gegen das geltende Datenschutzrecht verst\u00f6\u00dft oder Ihre datenschutzrechtlichen Anspr\u00fcche in einer anderen Weise verletzt worden sind, besteht die M\u00f6glichkeit, sich bei der zust\u00e4ndigen Aufsichtsbeh\u00f6rde zu beschweren. In \u00d6sterreich zust\u00e4ndig ist hierf\u00fcr die Datenschutzbeh\u00f6rde.<\/p>\n<p><b>3. Datensicherheit<\/b><\/p>\n<p>Der Schutz Ihrer personenbezogenen Daten erfolgt durch entsprechende organisatorische und technische Vorkehrungen. Diese Vorkehrungen betreffen insbesondere den Schutz vor unerlaubtem, rechtswidrigem oder auch zuf\u00e4lligem Zugriff, Verarbeitung, Verlust, Verwendung und Manipulation.<br \/>\nUngeachtet der Bem\u00fchungen der Einhaltung eines stets angemessen hohen Standes der Sorgfaltsanforderungen kann nicht ausgeschlossen werden, dass Informationen, die Sie uns \u00fcber das Internet bekannt geben, von anderen Personen eingesehen und genutzt werden.<\/p>\n<p>Bitte beachten Sie, dass wir daher keine wie immer geartete Haftung f\u00fcr die Offenlegung von Informationen aufgrund nicht von uns verursachter Fehler bei der Daten\u00fcbertragung und\/oder unautorisiertem Zugriff durch Dritte \u00fcbernehmen (zB Hackangriff auf Email-Account bzw. Telefon, Abfangen von Faxen).<\/p>\n<p><b>4. Verwendung der Daten<\/b><\/p>\n<p>Wir werden die uns zur Verf\u00fcgung gestellten Daten nicht f\u00fcr andere Zwecke als die durch den Mandatsvertrag oder durch Ihre Einwilligung oder sonst durch eine Bestimmung im Einklang mit der DSGVO gedeckten Zwecken verarbeiten. Ausgenommen hiervon ist die Nutzung f\u00fcr statistische Zwecke, sofern die zur Verf\u00fcgung gestellten Daten anonymisiert wurden.<\/p>\n<p><b>5. \u00dcbermittlung von Daten an Dritte<\/b><\/p>\n<p>Zur Erf\u00fcllung Ihres Auftrages ist es m\u00f6glicherweise auch erforderlich, Ihre Daten an Dritte (zB Gegenseite, Substitute, Versicherungen, Dienstleister, derer wir uns bedienen und denen wir Daten zur Verf\u00fcgung stellen, etc.) Gerichte oder Beh\u00f6rden, weiterzuleiten. Eine Weiterleitung Ihrer Daten erfolgt ausschlie\u00dflich auf Grundlage der DSGVO, insb zur Erf\u00fcllung Ihres Auftrags oder aufgrund Ihrer vorherigen Einwilligung.<\/p>\n<p>Weiters informieren wir Sie dar\u00fcber, dass im Rahmen unserer rechtsanwaltlichen Vertretung und Betreuung regelm\u00e4\u00dfig auch sachverhalts- und fallbezogene Informationen von Ihnen von dritten Stellen bezogen werden.<\/p>\n<p>Manche der oben genannten Empf\u00e4nger Ihrer personenbezogenen Daten befinden sich au\u00dferhalb Ihres Landes oder verarbeiten dort Ihre personenbezogenen Daten. Das Datenschutzniveau in anderen L\u00e4ndern entspricht unter Umst\u00e4nden nicht dem \u00d6sterreichs. Wir \u00fcbermitteln Ihre personenbezogenen Daten jedoch nur in L\u00e4nder, f\u00fcr welche die EU-Kommission entschieden hat, dass sie \u00fcber ein angemessenes Datenschutzniveau verf\u00fcgen oder wir setzen Ma\u00dfnahmen, um zu gew\u00e4hrleisten, dass alle Empf\u00e4nger ein angemessenes Datenschutzniveau haben wozu wir Standardvertragsklauseln (2010\/87\/EC und\/oder 2004\/915\/EC) abschlie\u00dfen.<\/p>\n<p><b>6. Bekanntgabe von Datenpannen<\/b><\/p>\n<p>Wir sind bem\u00fcht sicherzustellen, dass Datenpannen fr\u00fchzeitig erkannt und gegebenenfalls unverz\u00fcglich Ihnen bzw der zust\u00e4ndigen Aufsichtsbeh\u00f6rde unter Einbezug der jeweiligen Datenkategorien, die betroffen sind, gemeldet werden.<\/p>\n<p><b>7. Aufbewahrung der Daten<\/b><\/p>\n<p>Wir werden Daten nicht l\u00e4nger aufbewahren als dies zur Erf\u00fcllung unserer vertraglichen bzw gesetzlichen Verpflichtungen und zur Abwehr allf\u00e4lliger Haftungsanspr\u00fcche erforderlich ist.<\/p>\n<p><b>8. Cookies<\/b><\/p>\n<p>Diese Website verwendet \u201eCookies\u201c, um unser Angebot nutzerfreundlicher, effektiver und sicherer zu gestalten.<\/p>\n<p>Ein \u201eCookie\u201c ist eine kleine Textdatei, die wir \u00fcber unseren Web-Server an die Cookie-Datei des Browsers auf die Festplatte Ihres Computers \u00fcbermitteln. Damit wird es unserer Website erm\u00f6glicht, Sie als Nutzer wiederzuerkennen, wenn eine Verbindung zwischen unserem Web-Server und Ihrem Browser hergestellt wird. Cookies helfen uns dabei, die Nutzungsh\u00e4ufigkeit und die Anzahl der Nutzer unserer Internetseiten zu ermitteln. Der Inhalt der von uns verwendeten Cookies beschr\u00e4nkt sich auf eine Identifikationsnummer, die keine Personenbeziehbarkeit mehr auf den Nutzer zul\u00e4sst. Der Hauptzweck eines Cookies ist die Erkennung der Besucher der Website.<\/p>\n<p>Zwei Arten von Cookies werden auf dieser Website verwendet:<\/p>\n<p>\u2022 Session Cookies: Das sind tempor\u00e4re Cookies, die bis zum Verlassen unserer Website in der Cookie-Datei Ihres Browsers verweilen und nach Ende Ihres Besuchs automatisch gel\u00f6scht werden.<\/p>\n<p>\u2022 Dauerhafte Cookies: F\u00fcr eine bessere Benutzerfreundlichkeit bleiben Cookies auf Ihrem Endger\u00e4t gespeichert und erlauben es uns, Ihren Browser beim n\u00e4chsten Besuch wiederzuerkennen.<\/p>\n<p>Sie k\u00f6nnen Ihren Browser so einstellen, dass Sie \u00fcber das Setzen von Cookies informiert werden und Cookies nur im Einzelfall erlauben, die Annahme von Cookies f\u00fcr bestimmte F\u00e4lle oder generell ausschlie\u00dfen sowie das automatische L\u00f6schen der Cookies beim Schlie\u00dfen des Browsers aktivieren. Bei der Deaktivierung von Cookies kann die Funktionalit\u00e4t dieser Website eingeschr\u00e4nkt sein.<\/p>\n<p><b>9. Server-Log-Files<\/b><\/p>\n<p>Zur Optimierung dieser Website in Bezug auf die System-Performance, Benutzerfreundlichkeit und Bereitstellung von n\u00fctzlichen Informationen \u00fcber unsere Dienstleistungen erhebt und speichert der Provider der Website automatisch Informationen in so genannten Server-Log Files, die Ihr Browser automatisch an uns \u00fcbermittelt. Davon umfasst sind Ihre Internet-Protokoll Adresse (IP-Adresse), Browser und Spracheinstellung, Betriebssystem, Referrer URL, Ihr Internet Service Provider und Datum\/Uhrzeit.<\/p>\n<p>Eine Zusammenf\u00fchrung dieser Daten mit personenbezogenen Datenquellen wird nicht vorgenommen. Wir behalten uns vor, diese Daten nachtr\u00e4glich zu pr\u00fcfen, wenn uns konkrete Anhaltspunkte f\u00fcr eine rechtswidrige Nutzung bekannt werden.<\/p>\n<p><b>10. Unsere Kontaktdaten<\/b><\/p>\n<p>Der Schutz Ihrer Daten ist uns besonders wichtig. Wir sind f\u00fcr Sie unter den unten angef\u00fchrten Kontaktdaten jederzeit f\u00fcr Ihre Fragen oder Ihren Widerruf erreichbar.<br \/>\nLackner Bauer Rechtsanw\u00e4lte OG<br \/>\nMag. Christian Lackner<br \/>\nRechtsanwalt<br \/>\nSchwindgasse 3\/17 &#8211;\u00a04.Stock<br \/>\n1040 Wien<br \/>\nTel.: 01 \/ 20 800 20<br \/>\nEmail: <a href=\"mailto:kanzlei@lb-anwaelte.at\" target=\"_blank\" rel=\"noopener\">kanzlei@lb-anwaelte.at<\/a><\/p>\n<p><strong>Datenschutzerkl\u00e4rung f\u00fcr die Nutzung von Google Analytics<\/strong><br \/>\nDiese Website benutzt Google Analytics, einen Webanalysedienst der Google Inc. (\u201eGoogle\u201c). Google Analytics verwendet sog. \u201eCookies\u201c, Textdateien, die auf Ihrem Computer gespeichert werden und die eine Analyse der Benutzung der Website durch Sie erm\u00f6glichen. Die durch den Cookie erzeugten Informationen \u00fcber Ihre Benutzung dieser Website werden in der Regel an einen Server von Google in den USA \u00fcbertragen und dort gespeichert. Im Falle der Aktivierung der IP-Anonymisierung auf dieser Webseite, wird Ihre IP-Adresse von Google jedoch innerhalb von Mitgliedstaaten der Europ\u00e4ischen Union oder in anderen Vertragsstaaten des Abkommens \u00fcber den Europ\u00e4ischen Wirtschaftsraum zuvor gek\u00fcrzt. Nur in Ausnahmef\u00e4llen wird die volle IP-Adresse an einen Server von<br \/>\nGoogle in den USA \u00fcbertragen und dort gek\u00fcrzt. Im Auftrag des Betreibers dieser Website wird Google diese Informationen benutzen, um Ihre Nutzung der Website auszuwerten, um Reports \u00fcber die Websiteaktivit\u00e4ten zusammenzustellen und um weitere mit der Websitenutzung und der Internetnutzung verbundene Dienstleistungen gegen\u00fcber dem Websitebetreiber zu erbringen. Die im Rahmen von Google Analytics von Ihrem Browser \u00fcbermittelte IP-Adresse wird nicht mit anderen Daten von Google zusammengef\u00fchrt. Sie k\u00f6nnen die Speicherung der Cookies durch eine entsprechende Einstellung Ihrer Browser-Software verhindern; wir weisen Sie jedoch darauf hin, dass Sie in diesem Fall gegebenenfalls nicht s\u00e4mtliche Funktionen dieser Website vollumf\u00e4nglich werden nutzen k\u00f6nnen. Sie k\u00f6nnen dar\u00fcber hinaus die Erfassung der durch das Cookie erzeugten und auf Ihre Nutzung der Website bezogenen Daten (inkl. Ihrer IP-Adresse) an Google sowie die Verarbeitung dieser Daten durch Google verhindern, indem sie das unter dem folgenden Link (https:\/\/tools.google.com\/dlpage\/gaoptout?hl=de) verf\u00fcgbare Browser-Plugin herunterladen und installieren.<\/p>\n<p>N\u00e4here Informationen zu Nutzungsbedingungen und Datenschutz finden Sie unter https:\/\/www.google.com\/analytics\/terms\/de.html bzw. unter https:\/\/support.google.com\/analytics\/answer\/6004245?hl=de. Wir weisen Sie darauf hin, dass auf dieser Webseite Google Analytics um den Code \u201egat._anonymizeIp();\u201c erweitert wurde, um eine anonymisierte Erfassung von IP-Adressen (sog. IP-Masking) zu gew\u00e4hrleisten.<\/p>\n<p><strong>Google Maps<\/strong><br \/>\nDiese Webseite verwendet Google Maps f\u00fcr die Darstellung von Karteninformationen. Bei der Nutzung von Google Maps werden von Google auch Daten \u00fcber die Nutzung der Maps-Funktionen durch Besucher der Webseiten erhoben, verarbeitet und genutzt. N\u00e4here Informationen \u00fcber die Datenverarbeitung durch Google k\u00f6nnen Sie den Datenschutzhinweisen von Google auf https:\/\/www.google.at\/intl\/de\/policies\/privacy\/ entnehmen. Dort k\u00f6nnen Sie im Datenschutzcenter auch Ihre Einstellungen ver\u00e4ndern, so dass Sie Ihre Daten verwalten und sch\u00fctzen k\u00f6nnen.<\/p>\n<p><strong>Datenschutzerkl\u00e4rung f\u00fcr die Nutzung von Facebook<\/strong><br \/>\nAuf unseren Seiten sind Plugins des sozialen Netzwerks Facebook, 1601 South California Avenue, Palo Alto, CA 94304, USA integriert. Die Facebook-Plugins erkennen Sie an dem Facebook-Logo oder dem \u201eLike-Button\u201c (\u201eGef\u00e4llt mir\u201c) auf unserer Seite. Eine \u00dcbersicht \u00fcber die Facebook-Plugins finden Sie hier: https:\/\/developers.facebook.com\/docs\/plugins\/.<br \/>\nWenn Sie unsere Seiten besuchen, wird \u00fcber das Plugin eine direkte Verbindung zwischen Ihrem Browser und dem Facebook-Server hergestellt. Facebook erh\u00e4lt dadurch die Information, dass Sie mit Ihrer IP-Adresse unsere Seite besucht haben. Wenn Sie den Facebook \u201eLike-Button\u201c anklicken w\u00e4hrend Sie in Ihrem Facebook-Account eingeloggt sind, k\u00f6nnen Sie die Inhalte unserer Seiten auf Ihrem Facebook-Profil verlinken. Dadurch kann Facebook den Besuch unserer Seiten Ihrem Benutzerkonto zuordnen. Wir weisen darauf hin, dass wir als Anbieter der Seiten keine Kenntnis vom Inhalt der \u00fcbermittelten Daten sowie deren Nutzung durch Facebook erhalten. Weitere Informationen hierzu finden Sie in der Datenschutzerkl\u00e4rung von facebook unter https:\/\/www.facebook.com\/policy.php Wenn Sie nicht w\u00fcnschen, dass Facebook den Besuch unserer Seiten Ihrem Facebook- Nutzerkonto zuordnen kann, loggen Sie sich bitte aus Ihrem Facebook-Benutzerkonto aus.<\/p>\n<p><strong>Datenschutzerkl\u00e4rung f\u00fcr die Nutzung von Google+<\/strong><br \/>\nMithilfe der Google +1-Schaltfl\u00e4che k\u00f6nnen Sie Informationen weltweit ver\u00f6ffentlichen. \u00fcber die Google +1-Schaltfl\u00e4che erhalten Sie und andere Nutzer personalisierte Inhalte von Google und unseren Partnern. Google speichert sowohl die Information, dass Sie f\u00fcr einen Inhalt +1 gegeben haben, als auch Informationen \u00fcber die Seite, die Sie beim Klicken auf +1 angesehen haben. Ihre +1 k\u00f6nnen als Hinweise zusammen mit Ihrem Profilnamen und Ihrem Foto in Google-Diensten, wie etwa in Suchergebnissen oder in Ihrem Google-Profil, oder an anderen Stellen auf Websites und Anzeigen im Internet eingeblendet werden.<br \/>\nGoogle zeichnet Informationen \u00fcber Ihre +1-Aktivit\u00e4ten auf, um die Google-Dienste f\u00fcr Sie und andere zu verbessern. Um die Google +1- Schaltfl\u00e4che verwenden zu k\u00f6nnen, ben\u00f6tigen Sie ein weltweit sichtbares, \u00f6ffentliches Google-Profil, das zumindest den f\u00fcr das Profil gew\u00e4hlten Namen enthalten muss. Dieser Name wird in allen Google- Diensten verwendet. In manchen F\u00e4llen kann dieser Name auch einen anderen Namen ersetzen, den Sie beim Teilen von Inhalten \u00fcber Ihr Google-Konto verwendet haben. Die Identit\u00e4t Ihres Google-Profils kann Nutzern angezeigt werden, die Ihre E-Mail-Adresse kennen oder \u00fcber andere identifizierende Informationen von Ihnen verf\u00fcgen.<br \/>\nNeben den oben erl\u00e4uterten Verwendungszwecken werden die von Ihnen bereitgestellten Informationen gem\u00e4\u00df den geltenden Google-Datenschutzbestimmungen genutzt. Google ver\u00f6ffentlicht m\u00f6glicherweise zusammengefasste Statistiken \u00fcber die +1-Aktivit\u00e4ten der Nutzer bzw. gibt diese an Nutzer und Partner weiter, wie etwa Publisher, Inserenten oder verbundene Websites.<\/p>\n<p><strong>Datenschutzerkl\u00e4rung f\u00fcr die Nutzung von Twitter<\/strong><br \/>\nAuf unserer Webseite sind Funktionen des Dienstes Twitter eingebunden. Diese Funktionen werden durch die Twitter Inc., Twitter, Inc. 1355 Market St, Suite 900, San Francisco, CA 94103, USA angeboten. Durch das Benutzen von Twitter und den Funktionen der Twitter-Buttons, werden die von Ihnen besuchten Webseiten mit Ihrem Twitter-Account verkn\u00fcpft und anderen Nutzern bekannt gegeben. Dabei werden auch Daten an Twitter \u00fcbertragen. Wir weisen darauf hin, dass wir als Anbieter der Webseite keine Kenntnis vom Inhalt der \u00fcbermittelten Daten sowie deren Nutzung durch Twitter erhalten. Weitere Informationen hierzu finden Sie in der Datenschutzrichtline von Twitter unter https:\/\/twitter.com\/privacy?lang=de. Ihre Datenschutzeinstellungen bei Twitter k\u00f6nnen Sie in den Konto- Einstellungen unter https:\/\/twitter.com\/settings\/account \u00e4ndern.<\/p>\n<p><strong>Datenschutzerkl\u00e4rung f\u00fcr die Nutzung von Pinterest<\/strong><br \/>\nAuf unserer Webseite verwenden wir Social Plugins des sozialen Netzwerks Pinterest, das von der Pinterest Inc., 635 High Street, Palo Alto, CA, 94301, USA (\u201ePinterest\u201c) betrieben wird. Wenn Sie eine Seite aufrufen die ein solches Plugin enth\u00e4lt, stellt Ihr Browser eine direkte Verbindung zu den Servern von Pinterest her. Das Plugin \u00fcbermittelt dabei Daten an den Server von Pinterest. Diese Daten enthalten m\u00f6glicherweise Ihre IP-Adresse, die Adresse der besuchten Websites, die ebenfalls Pinterest-Funktionen enthalten, Art und Einstellungen des Browsers, Datum und Zeitpunkt der Anfrage, Ihre<br \/>\nVerwendungsweise von Pinterest sowie Cookies.<br \/>\nWeitere Informationen zu Zweck, Umfang und weiterer Verarbeitung und Nutzung der Daten durch Pinterest sowie Ihre diesbez\u00fcglichen Rechte und M\u00f6glichkeiten zum Schutz Ihrer Privatsph\u00e4re finden Sie in den Datenschutzrichtlinien von Pinterest: https:\/\/about.pinterest.com\/de\/privacy-policy.<\/p>\n<p><strong>Datenschutzerkl\u00e4rung f\u00fcr die Nutzung von LinkedIn<\/strong><br \/>\nUnsere Webseite nutzt Funktionen des Social Media Netzwerks LinkedIn. Anbieter ist die LinkedIn Corporation, 2029 Stierlin Court, Mountain View, CA 94043, USA. Bei jedem Abruf einer unserer Webseiten, die Funktionen von LinkedIn enth\u00e4lt, wird eine Verbindung zu Servern von LinkedIn aufbaut. LinkedIn wird dar\u00fcber informiert, dass Sie unsere Internetseiten mit Ihrer IP-Adresse besucht haben. Wenn Sie die Buttons von LinkedIn anklicken und in Ihrem Account bei LinkedIn eingeloggt sind, ist es LinkedIn m\u00f6glich, Ihren Besuch auf unserer Internetseite Ihnen und Ihrem Benutzerkonto zuzuordnen. Wir weisen darauf hin, dass wir als Anbieter der Seiten keine Kenntnis vom Inhalt der \u00fcbermittelten Daten sowie deren Nutzung durch LinkedIn haben. Weitere Informationen hierzu finden Sie in der Datenschutzerkl\u00e4rung von LinkedIn unter: https:\/\/www.linkedin.com\/legal\/privacy-policy.<\/p>\n<p><strong>Datenschutzerkl\u00e4rung f\u00fcr die Nutzung von XING<\/strong><br \/>\nUnsere Webseite nutzt Funktionen des Social Media Netzwerks XING. Anbieter ist die XING AG, Dammtorstra\u00dfe 29-32, 20354 Hamburg, Deutschland. Bei jedem Abruf einer unserer Seiten, die Funktionen von XING enth\u00e4lt, wird eine Verbindung zu Servern von XING hergestellt. XING wird m\u00f6glicherweise dar\u00fcber informiert, dass Sie unsere Internetseiten mit Ihrer IP-Adresse besucht haben. Wenn Sie die Buttons von XING anklicken und in Ihrem Account bei XING eingeloggt sind, ist es XING unter Umst\u00e4nden m\u00f6glich, Ihren Besuch auf unserer Internetseite Ihnen und Ihrem Benutzerkonto zuzuordnen. Wir weisen darauf hin, dass wir als Anbieter der Seiten keine Kenntnis vom Inhalt der \u00fcbermittelten Daten sowie deren Nutzung durch XING haben. Weitere Information zum Datenschutz bei XING finden Sie in der Datenschutzerkl\u00e4rung unter https:\/\/www.xing.com\/privacy.<\/p>\n<p><strong>Datenschutzerkl\u00e4rung f\u00fcr die Nutzung von Instagram<\/strong><br \/>\nAuf unserer Webseite sind Funktionen des Dienstes Instagram eingebunden. Diese Funktionen werden angeboten durch die Instagram Inc., 1601 Willow Road, Menlo Park, CA, 94025, USA integriert. Wenn Sie in Ihren Instagram-Account eingeloggt sind, k\u00f6nnen Sie durch Anklicken des Instagram-Buttons die Inhalte unserer Seiten mit Ihrem Instagram-Profil verlinken. Dadurch kann Instagram den Besuch unserer Seiten Ihrem Benutzerkonto zuordnen. Wir weisen darauf hin, dass wir als Anbieter der Seiten keine Kenntnis vom Inhalt der u\u0308bermittelten Daten sowie deren Nutzung durch Instagram erhalten.<br \/>\nWeitere Informationen hierzu finden Sie in der Datenschutzerkl\u00e4rung von Instagram auf https:\/\/www.instagram.com\/about\/legal\/privacy\/.<\/p>\n<p><strong>Bildnachweise<\/strong><br \/>\nFoto: Pukl.com<\/p>\n","protected":false},"excerpt":{"rendered":"<p>Impressum Offenlegung nach \u00a7 14 UGB, \u00a7 5 ECG und \u00a7 25 MedienG Lackner Bauer Rechtsanw\u00e4lte OG Anschrift: Schwindgasse 3\/17, 1040 Wien Telefon: +43 (0) 69917002131 E-Mail: kanzlei@Ib-anwaelte.at Unbeschr\u00e4nkt haftende Gesellschafter der Lackner Bauer Rechtsanw\u00e4lte OG: Rechtsanwalt Mag. Christian Lackner und Rechtsanwalt Mag. Daniel Bauer, LL.M. Gegenstand des Unternehmens: Aus\u00fcbung der Rechtsanwaltschaft einschlie\u00dflich aller erforderlichen [&hellip;]<\/p>\n","protected":false},"author":1,"featured_media":0,"parent":0,"menu_order":0,"comment_status":"closed","ping_status":"closed","template":"","meta":{"_acf_changed":false,"footnotes":""},"acf":[],"_links":{"self":[{"href":"https:\/\/www.anwalt-scheidung.co.at\/en\/wp-json\/wp\/v2\/pages\/71"}],"collection":[{"href":"https:\/\/www.anwalt-scheidung.co.at\/en\/wp-json\/wp\/v2\/pages"}],"about":[{"href":"https:\/\/www.anwalt-scheidung.co.at\/en\/wp-json\/wp\/v2\/types\/page"}],"author":[{"embeddable":true,"href":"https:\/\/www.anwalt-scheidung.co.at\/en\/wp-json\/wp\/v2\/users\/1"}],"replies":[{"embeddable":true,"href":"https:\/\/www.anwalt-scheidung.co.at\/en\/wp-json\/wp\/v2\/comments?post=71"}],"version-history":[{"count":23,"href":"https:\/\/www.anwalt-scheidung.co.at\/en\/wp-json\/wp\/v2\/pages\/71\/revisions"}],"predecessor-version":[{"id":253,"href":"https:\/\/www.anwalt-scheidung.co.at\/en\/wp-json\/wp\/v2\/pages\/71\/revisions\/253"}],"wp:attachment":[{"href":"https:\/\/www.anwalt-scheidung.co.at\/en\/wp-json\/wp\/v2\/media?parent=71"}],"curies":[{"name":"wp","href":"https:\/\/api.w.org\/{rel}","templated":true}]}}