{"id":40,"date":"2020-01-22T00:55:33","date_gmt":"2020-01-22T00:55:33","guid":{"rendered":"http:\/\/localhost:8888\/lackner-wp\/?page_id=40"},"modified":"2020-03-26T13:46:28","modified_gmt":"2020-03-26T13:46:28","slug":"about","status":"publish","type":"page","link":"https:\/\/www.anwalt-scheidung.co.at\/en\/about\/","title":{"rendered":"\u00fcber Christian Lackner."},"content":{"rendered":"<p>Mir ist wichtig, Sie individuell zu betreuen und dazu geh\u00f6rt, f\u00fcr Sie erreichbar zu sein.<\/p>\n<p>Zu meinen juristischen Fachgebieten geh\u00f6ren Familienrecht, insbesondere die Themen Scheidung, Kindschafts- und Obsorge sowie Unterhaltsrecht, Asylrecht und alle Bereiche des Zivilrechts.<\/p>\n<p>Ein weiteres Spezialgebiet ist das Strafrecht. Als Strafverteidiger helfe ich meinen Klienten, ein Ermittlungs- oder Strafverfahren schnellstm\u00f6glich und im besten Interesse f\u00fcr meine Klienten zu Ende zu bringen.<\/p>\n<p>Ich zeichne mich durch Hartn\u00e4ckigkeit beim Verfolgen meiner Mandanteninteressen und meiner mehr als 10-j\u00e4hrigen Erfahrung als Jurist in gro\u00dfen Kanzleien wie Lansky, Ganzger + Partner Rechtsanw\u00e4lte GmbH, Dr. Elmar Kresbach LL.M. oder Gerscha Rechtsanwalts GmbH aus. Dar\u00fcber hinaus konnte ich auch schon w\u00e4hrend des Studiums u.a. in Madrid Einblicke in den juristischen Alltag gewinnen, von dem noch heute meine Klienten profitieren.<\/p>\n<p>Neben meiner Muttersprache Deutsch berate ich meine Klienten flie\u00dfend auf Spanisch und Englisch.<\/p>\n<p>Kontaktieren Sie mich f\u00fcr ein unverbindliches Gespr\u00e4ch und ich erz\u00e4hle Ihnen, wie ich arbeite.<\/p>\n","protected":false},"excerpt":{"rendered":"<p>Mir ist wichtig, Sie individuell zu betreuen und dazu geh\u00f6rt, f\u00fcr Sie erreichbar zu sein. Zu meinen juristischen Fachgebieten geh\u00f6ren Familienrecht, insbesondere die Themen Scheidung, Kindschafts- und Obsorge sowie Unterhaltsrecht, Asylrecht und alle Bereiche des Zivilrechts. Ein weiteres Spezialgebiet ist das Strafrecht. Als Strafverteidiger helfe ich meinen Klienten, ein Ermittlungs- oder Strafverfahren schnellstm\u00f6glich und im [&hellip;]<\/p>\n","protected":false},"author":1,"featured_media":162,"parent":0,"menu_order":0,"comment_status":"closed","ping_status":"closed","template":"","meta":{"_acf_changed":false,"footnotes":""},"acf":[],"_links":{"self":[{"href":"https:\/\/www.anwalt-scheidung.co.at\/en\/wp-json\/wp\/v2\/pages\/40"}],"collection":[{"href":"https:\/\/www.anwalt-scheidung.co.at\/en\/wp-json\/wp\/v2\/pages"}],"about":[{"href":"https:\/\/www.anwalt-scheidung.co.at\/en\/wp-json\/wp\/v2\/types\/page"}],"author":[{"embeddable":true,"href":"https:\/\/www.anwalt-scheidung.co.at\/en\/wp-json\/wp\/v2\/users\/1"}],"replies":[{"embeddable":true,"href":"https:\/\/www.anwalt-scheidung.co.at\/en\/wp-json\/wp\/v2\/comments?post=40"}],"version-history":[{"count":5,"href":"https:\/\/www.anwalt-scheidung.co.at\/en\/wp-json\/wp\/v2\/pages\/40\/revisions"}],"predecessor-version":[{"id":147,"href":"https:\/\/www.anwalt-scheidung.co.at\/en\/wp-json\/wp\/v2\/pages\/40\/revisions\/147"}],"wp:featuredmedia":[{"embeddable":true,"href":"https:\/\/www.anwalt-scheidung.co.at\/en\/wp-json\/wp\/v2\/media\/162"}],"wp:attachment":[{"href":"https:\/\/www.anwalt-scheidung.co.at\/en\/wp-json\/wp\/v2\/media?parent=40"}],"curies":[{"name":"wp","href":"https:\/\/api.w.org\/{rel}","templated":true}]}}